{"id":1841,"date":"2020-04-04T06:15:26","date_gmt":"2020-04-04T06:15:26","guid":{"rendered":"http:\/\/pluginspoint.com\/geoport\/?page_id=1841"},"modified":"2025-03-26T22:31:49","modified_gmt":"2025-03-27T03:31:49","slug":"contacto","status":"publish","type":"page","link":"https:\/\/oceanimportpty.com\/en\/contacto\/","title":{"rendered":"Contact"},"content":{"rendered":"\t\t<div data-elementor-type=\"wp-page\" data-elementor-id=\"1841\" class=\"elementor elementor-1841\" data-elementor-post-type=\"page\">\n\t\t\t\t\t\t<section class=\"elementor-section elementor-top-section elementor-element elementor-element-14a4dc3 elementor-section-boxed elementor-section-height-default elementor-section-height-default\" data-id=\"14a4dc3\" data-element_type=\"section\" data-e-type=\"section\">\n\t\t\t\t\t\t<div class=\"elementor-container elementor-column-gap-default\">\n\t\t\t\t\t<div class=\"elementor-column elementor-col-100 elementor-top-column elementor-element elementor-element-515fdf0\" data-id=\"515fdf0\" data-element_type=\"column\" data-e-type=\"column\">\n\t\t\t<div class=\"elementor-widget-wrap elementor-element-populated\">\n\t\t\t\t\t\t<section class=\"elementor-section elementor-inner-section elementor-element elementor-element-e249bd4 elementor-section-boxed elementor-section-height-default elementor-section-height-default\" data-id=\"e249bd4\" data-element_type=\"section\" data-e-type=\"section\">\n\t\t\t\t\t\t<div class=\"elementor-container elementor-column-gap-default\">\n\t\t\t\t\t<div class=\"elementor-column elementor-col-33 elementor-inner-column elementor-element elementor-element-614f11a\" data-id=\"614f11a\" data-element_type=\"column\" data-e-type=\"column\">\n\t\t\t<div class=\"elementor-widget-wrap elementor-element-populated\">\n\t\t\t\t\t\t<div class=\"elementor-element elementor-element-128a8c7 elementor-widget elementor-widget-contact-box\" data-id=\"128a8c7\" data-element_type=\"widget\" data-e-type=\"widget\" data-widget_type=\"contact-box.default\">\n\t\t\t\t<div class=\"elementor-widget-container\">\n\t\t\t\t\t\r\n\t    <div class=\"single-contact-box text-center\">\r\n\t        <div class=\"contact-box-content\">\r\n\t            <div class=\"contact-icon\">\r\n\t                \t                    <i class=\"fal fa-phone\"><\/i>\r\n\t                \t            <\/div>\r\n\r\n\t            <!-- Title Section -->\r\n\t            \t                <h4 >\r\n\t                    Phones\t                <\/h4>\r\n\t            \r\n\t            <!-- Description Section -->\r\n\t            \t                <p >\r\n\t                    (507) 279.3227 <\/br>\n(507) 6618.4206  <\/br> (507) 6230.6800\t                <\/p>\r\n\t            \t        <\/div>\r\n\r\n\t        <!-- Link Section -->\r\n\t        \t            <div class=\"contact-box-btn\">\r\n\t                <a href=\"tel:5072793227\">\r\n\t                    \t                        <i class=\"fal fa-phone\"><\/i>\r\n\t                    \t                    Call Us\t                <\/a>\r\n\t            <\/div>\r\n\t        \r\n\t        <!-- Big Icon Section -->\r\n\t        <div class=\"contact-box-big-icon\">\r\n\t            \t                <i class=\"fal fa-phone\"><\/i>\r\n\t            \t        <\/div>\r\n\t    <\/div>\r\n\r\n\t\t\t\t\t<\/div>\n\t\t\t\t<\/div>\n\t\t\t\t\t<\/div>\n\t\t<\/div>\n\t\t\t\t<div class=\"elementor-column elementor-col-33 elementor-inner-column elementor-element elementor-element-5a3365b\" data-id=\"5a3365b\" data-element_type=\"column\" data-e-type=\"column\">\n\t\t\t<div class=\"elementor-widget-wrap elementor-element-populated\">\n\t\t\t\t\t\t<div class=\"elementor-element elementor-element-b1f607e elementor-widget elementor-widget-contact-box\" data-id=\"b1f607e\" data-element_type=\"widget\" data-e-type=\"widget\" data-widget_type=\"contact-box.default\">\n\t\t\t\t<div class=\"elementor-widget-container\">\n\t\t\t\t\t\r\n\t    <div class=\"single-contact-box text-center\">\r\n\t        <div class=\"contact-box-content\">\r\n\t            <div class=\"contact-icon\">\r\n\t                \t                    <i class=\"fal fa-envelope\"><\/i>\r\n\t                \t            <\/div>\r\n\r\n\t            <!-- Title Section -->\r\n\t            \t                <h4 >\r\n\t                    Email\t                <\/h4>\r\n\t            \r\n\t            <!-- Description Section -->\r\n\t            \t                <p >\r\n\t                    info@oceanimportpty.com\nventas@oceanimportpty.com\njuliem@oceanimportpty.com\t                <\/p>\r\n\t            \t        <\/div>\r\n\r\n\t        <!-- Link Section -->\r\n\t        \t            <div class=\"contact-box-btn\">\r\n\t                <a href=\"mailto:info@webmail.com\">\r\n\t                    \t                        <i class=\"fal fa-envelope\"><\/i>\r\n\t                    \t                    Write to Us Now\t                <\/a>\r\n\t            <\/div>\r\n\t        \r\n\t        <!-- Big Icon Section -->\r\n\t        <div class=\"contact-box-big-icon\">\r\n\t            \t                <i class=\"fal fa-envelope\"><\/i>\r\n\t            \t        <\/div>\r\n\t    <\/div>\r\n\r\n\t\t\t\t\t<\/div>\n\t\t\t\t<\/div>\n\t\t\t\t\t<\/div>\n\t\t<\/div>\n\t\t\t\t<div class=\"elementor-column elementor-col-33 elementor-inner-column elementor-element elementor-element-7199f22\" data-id=\"7199f22\" data-element_type=\"column\" data-e-type=\"column\">\n\t\t\t<div class=\"elementor-widget-wrap elementor-element-populated\">\n\t\t\t\t\t\t<div class=\"elementor-element elementor-element-5c1ca7f elementor-widget elementor-widget-contact-box\" data-id=\"5c1ca7f\" data-element_type=\"widget\" data-e-type=\"widget\" data-widget_type=\"contact-box.default\">\n\t\t\t\t<div class=\"elementor-widget-container\">\n\t\t\t\t\t\r\n\t    <div class=\"single-contact-box text-center\">\r\n\t        <div class=\"contact-box-content\">\r\n\t            <div class=\"contact-icon\">\r\n\t                \t                    <i class=\"fal fa-map\"><\/i>\r\n\t                \t            <\/div>\r\n\r\n\t            <!-- Title Section -->\r\n\t            \t                <h4 >\r\n\t                    Address\t                <\/h4>\r\n\t            \r\n\t            <!-- Description Section -->\r\n\t            \t                <p >\r\n\t                    Panam\u00e1. Ciudad de Panam\u00e1, V\u00eda Ricardo J. Alfaro, Century Tower Piso 4 Oficina 402\t                <\/p>\r\n\t            \t        <\/div>\r\n\r\n\t        <!-- Link Section -->\r\n\t        \t            <div class=\"contact-box-btn\">\r\n\t                <a href=\"https:\/\/www.google.com\/maps\/place\/Ocean+Import+and+Export+Logistic+,S.A.\/@9.007948,-79.5363198,17z\/data=!3m1!4b1!4m6!3m5!1s0x8faca85c748e0b5b:0x3e44a9848fa4f3cd!8m2!3d9.0079427!4d-79.5337449!16s%2Fg%2F11c6qq0l3y?entry=ttu&#038;g_ep=EgoyMDI1MDIxNy4wIKXMDSoASAFQAw%3D%3D\">\r\n\t                    \t                        <i class=\"fal fa-map\"><\/i>\r\n\t                    \t                    Go to Office\t                <\/a>\r\n\t            <\/div>\r\n\t        \r\n\t        <!-- Big Icon Section -->\r\n\t        <div class=\"contact-box-big-icon\">\r\n\t            \t                <i class=\"fal fa-map\"><\/i>\r\n\t            \t        <\/div>\r\n\t    <\/div>\r\n\r\n\t\t\t\t\t<\/div>\n\t\t\t\t<\/div>\n\t\t\t\t\t<\/div>\n\t\t<\/div>\n\t\t\t\t\t<\/div>\n\t\t<\/section>\n\t\t\t\t\t<\/div>\n\t\t<\/div>\n\t\t\t\t\t<\/div>\n\t\t<\/section>\n\t\t\t\t<section class=\"elementor-section elementor-top-section elementor-element elementor-element-bee28ec elementor-section-full_width elementor-section-height-default elementor-section-height-default\" data-id=\"bee28ec\" data-element_type=\"section\" data-e-type=\"section\">\n\t\t\t\t\t\t<div class=\"elementor-container elementor-column-gap-default\">\n\t\t\t\t\t<div class=\"elementor-column elementor-col-100 elementor-top-column elementor-element elementor-element-5daad72\" data-id=\"5daad72\" data-element_type=\"column\" data-e-type=\"column\">\n\t\t\t<div class=\"elementor-widget-wrap elementor-element-populated\">\n\t\t\t\t\t\t<div class=\"elementor-element elementor-element-28a7859 elementor-widget elementor-widget-google_maps\" data-id=\"28a7859\" data-element_type=\"widget\" data-e-type=\"widget\" data-widget_type=\"google_maps.default\">\n\t\t\t\t<div class=\"elementor-widget-container\">\n\t\t\t\t\t\t\t<div class=\"elementor-custom-embed\">\n\t\t\t<iframe loading=\"lazy\"\n\t\t\t\t\tsrc=\"https:\/\/maps.google.com\/maps?q=Edificio%20Century%20Tower%2C%20Panama&#038;t=m&#038;z=14&#038;output=embed&#038;iwloc=near\"\n\t\t\t\t\ttitle=\"Edificio Century Tower, Panama\"\n\t\t\t\t\taria-label=\"Edificio Century Tower, Panama\"\n\t\t\t><\/iframe>\n\t\t<\/div>\n\t\t\t\t\t\t<\/div>\n\t\t\t\t<\/div>\n\t\t\t\t<section class=\"elementor-section elementor-inner-section elementor-element elementor-element-b7d0c43 contact-page-map elementor-section-boxed elementor-section-height-default elementor-section-height-default\" data-id=\"b7d0c43\" data-element_type=\"section\" data-e-type=\"section\">\n\t\t\t\t\t\t<div class=\"elementor-container elementor-column-gap-default\">\n\t\t\t\t\t<div class=\"elementor-column elementor-col-100 elementor-inner-column elementor-element elementor-element-94d74f1\" data-id=\"94d74f1\" data-element_type=\"column\" data-e-type=\"column\" data-settings=\"{&quot;background_background&quot;:&quot;classic&quot;}\">\n\t\t\t<div class=\"elementor-widget-wrap elementor-element-populated\">\n\t\t\t\t\t\t<div class=\"elementor-element elementor-element-39a57be elementor-widget elementor-widget-heading\" data-id=\"39a57be\" data-element_type=\"widget\" data-e-type=\"widget\" data-widget_type=\"heading.default\">\n\t\t\t\t<div class=\"elementor-widget-container\">\n\t\t\t\t\t<h4 class=\"elementor-heading-title elementor-size-default\">Contact with <br>\nOCEAN IMPORT &amp; EXPORT LOGISTIC ,S.A.<\/h4>\t\t\t\t<\/div>\n\t\t\t\t<\/div>\n\t\t\t\t<div class=\"elementor-element elementor-element-fd502f8 text-center elementor-widget elementor-widget-shortcode\" data-id=\"fd502f8\" data-element_type=\"widget\" data-e-type=\"widget\" data-widget_type=\"shortcode.default\">\n\t\t\t\t<div class=\"elementor-widget-container\">\n\t\t\t\t\t\t\t<div class=\"elementor-shortcode\">\n<div class=\"wpcf7 no-js\" id=\"wpcf7-f1886-o1\" lang=\"en-US\" dir=\"ltr\" data-wpcf7-id=\"1886\">\n<div class=\"screen-reader-response\"><p role=\"status\" aria-live=\"polite\" aria-atomic=\"true\"><\/p> <ul><\/ul><\/div>\n<form action=\"\/en\/wp-json\/wp\/v2\/pages\/1841#wpcf7-f1886-o1\" method=\"post\" class=\"wpcf7-form init\" aria-label=\"Contact form\" novalidate=\"novalidate\" data-status=\"init\">\n<fieldset class=\"hidden-fields-container\"><input type=\"hidden\" name=\"_wpcf7\" value=\"1886\" \/><input type=\"hidden\" name=\"_wpcf7_version\" value=\"6.1.5\" \/><input type=\"hidden\" name=\"_wpcf7_locale\" value=\"en_US\" \/><input type=\"hidden\" name=\"_wpcf7_unit_tag\" value=\"wpcf7-f1886-o1\" \/><input type=\"hidden\" name=\"_wpcf7_container_post\" value=\"0\" \/><input type=\"hidden\" name=\"_wpcf7_posted_data_hash\" value=\"\" \/><input type=\"hidden\" name=\"_wpcf7_recaptcha_response\" value=\"\" \/>\n<\/fieldset>\n<div class=\"c-form-group\">\n\t<p><i class=\"fal fa-user\"><\/i><span class=\"wpcf7-form-control-wrap\" data-name=\"your-name\"><input size=\"40\" maxlength=\"400\" class=\"wpcf7-form-control wpcf7-text wpcf7-validates-as-required\" aria-required=\"true\" aria-invalid=\"false\" placeholder=\"Name\" value=\"\" type=\"text\" name=\"your-name\" \/><\/span>\n\t<\/p>\n<\/div>\n<div class=\"c-form-group\">\n\t<p><i class=\"fal fa-envelope\"><\/i><span class=\"wpcf7-form-control-wrap\" data-name=\"your-email\"><input size=\"40\" maxlength=\"400\" class=\"wpcf7-form-control wpcf7-email wpcf7-validates-as-required wpcf7-text wpcf7-validates-as-email\" aria-required=\"true\" aria-invalid=\"false\" placeholder=\"Email\" value=\"\" type=\"email\" name=\"your-email\" \/><\/span>\n\t<\/p>\n<\/div>\n<div class=\"c-form-group\">\n\t<p><i class=\"fal fa-edit\"><\/i><span class=\"wpcf7-form-control-wrap\" data-name=\"your-message\"><textarea cols=\"40\" rows=\"10\" maxlength=\"2000\" class=\"wpcf7-form-control wpcf7-textarea\" aria-invalid=\"false\" placeholder=\"Message\" name=\"your-message\"><\/textarea><\/span>\n\t<\/p>\n<\/div>\n<p><button class=\"btn orange-btn\"><i class=\"fal fa-paper-plane\"><\/i> Submit<\/button>\n<\/p><div class=\"wpcf7-response-output\" aria-hidden=\"true\"><\/div>\n<\/form>\n<\/div>\n<\/div>\n\t\t\t\t\t\t<\/div>\n\t\t\t\t<\/div>\n\t\t\t\t\t<\/div>\n\t\t<\/div>\n\t\t\t\t\t<\/div>\n\t\t<\/section>\n\t\t\t\t\t<\/div>\n\t\t<\/div>\n\t\t\t\t\t<\/div>\n\t\t<\/section>\n\t\t\t\t<\/div>\n\t\t","protected":false},"excerpt":{"rendered":"<p>Phones (507) 279.3227 (507) 6618.4206 (507) 6230.6800 Call Us Email info@oceanimportpty.com ventas@oceanimportpty.com juliem@oceanimportpty.com Write to Us Now Address Panam\u00e1. Ciudad de Panam\u00e1, V\u00eda Ricardo J. Alfaro, Century Tower Piso 4 Oficina 402 Go to Office Contact with OCEAN IMPORT &amp; EXPORT LOGISTIC ,S.A.<\/p>\n","protected":false},"author":1,"featured_media":0,"parent":0,"menu_order":0,"comment_status":"closed","ping_status":"closed","template":"page-template\/blank-page-sidebar.php","meta":{"footnotes":""},"class_list":["post-1841","page","type-page","status-publish","hentry"],"_links":{"self":[{"href":"https:\/\/oceanimportpty.com\/en\/wp-json\/wp\/v2\/pages\/1841","targetHints":{"allow":["GET"]}}],"collection":[{"href":"https:\/\/oceanimportpty.com\/en\/wp-json\/wp\/v2\/pages"}],"about":[{"href":"https:\/\/oceanimportpty.com\/en\/wp-json\/wp\/v2\/types\/page"}],"author":[{"embeddable":true,"href":"https:\/\/oceanimportpty.com\/en\/wp-json\/wp\/v2\/users\/1"}],"replies":[{"embeddable":true,"href":"https:\/\/oceanimportpty.com\/en\/wp-json\/wp\/v2\/comments?post=1841"}],"version-history":[{"count":22,"href":"https:\/\/oceanimportpty.com\/en\/wp-json\/wp\/v2\/pages\/1841\/revisions"}],"predecessor-version":[{"id":3875,"href":"https:\/\/oceanimportpty.com\/en\/wp-json\/wp\/v2\/pages\/1841\/revisions\/3875"}],"wp:attachment":[{"href":"https:\/\/oceanimportpty.com\/en\/wp-json\/wp\/v2\/media?parent=1841"}],"curies":[{"name":"wp","href":"https:\/\/api.w.org\/{rel}","templated":true}]}}